{"id":159,"date":"2017-12-20T12:54:27","date_gmt":"2017-12-20T12:54:27","guid":{"rendered":"http:\/\/jrcelso.com\/index.php\/product\/flower-bed\/"},"modified":"2021-04-13T12:57:02","modified_gmt":"2021-04-13T15:57:02","slug":"flower-bed","status":"publish","type":"product","link":"https:\/\/www.jrcelso.com\/index.php\/product\/flower-bed\/","title":{"rendered":"Mocambo Vermelho CJS I"},"content":{"rendered":"<p>Mocambo \u00e9 um povoado na cidade de Coronel Jo\u00e3o S\u00e1, Bahia, Brasil. Esta \u00e9 uma imagem art\u00edstica do local fotografado.<\/p>\n<p>IMPORTANTE:<br \/>\nAs imagens podem ter pequenas varia\u00e7\u00f5es comparados aos produtos.<\/p>\n","protected":false},"excerpt":{"rendered":"<p>Quadro com moldura em madeira, vidro na frente, e impress\u00e3o FineArt<\/p>\n<ul>\n<li>Tiragem limitada (05)<\/li>\n<li>FineArt<\/li>\n<li>Assinada<\/li>\n<li>Numerada<\/li>\n<li>Certificado de autenticidade da obra<\/li>\n<\/ul>\n","protected":false},"featured_media":610,"template":"","meta":{"site-sidebar-layout":"default","site-content-layout":"default","ast-site-content-layout":"","site-content-style":"default","site-sidebar-style":"default","ast-global-header-display":"","ast-banner-title-visibility":"","ast-main-header-display":"","ast-hfb-above-header-display":"","ast-hfb-below-header-display":"","ast-hfb-mobile-header-display":"","site-post-title":"","ast-breadcrumbs-content":"","ast-featured-img":"","footer-sml-layout":"","theme-transparent-header-meta":"default","adv-header-id-meta":"","stick-header-meta":"","header-above-stick-meta":"","header-main-stick-meta":"","header-below-stick-meta":"","astra-migrate-meta-layouts":"default","ast-page-background-enabled":"default","ast-page-background-meta":{"desktop":{"background-color":"var(--ast-global-color-4)","background-image":"","background-repeat":"repeat","background-position":"center center","background-size":"auto","background-attachment":"scroll","background-type":"","background-media":"","overlay-type":"","overlay-color":"","overlay-gradient":""},"tablet":{"background-color":"","background-image":"","background-repeat":"repeat","background-position":"center center","background-size":"auto","background-attachment":"scroll","background-type":"","background-media":"","overlay-type":"","overlay-color":"","overlay-gradient":""},"mobile":{"background-color":"","background-image":"","background-repeat":"repeat","background-position":"center center","background-size":"auto","background-attachment":"scroll","background-type":"","background-media":"","overlay-type":"","overlay-color":"","overlay-gradient":""}},"ast-content-background-meta":{"desktop":{"background-color":"var(--ast-global-color-5)","background-image":"","background-repeat":"repeat","background-position":"center center","background-size":"auto","background-attachment":"scroll","background-type":"","background-media":"","overlay-type":"","overlay-color":"","overlay-gradient":""},"tablet":{"background-color":"var(--ast-global-color-5)","background-image":"","background-repeat":"repeat","background-position":"center center","background-size":"auto","background-attachment":"scroll","background-type":"","background-media":"","overlay-type":"","overlay-color":"","overlay-gradient":""},"mobile":{"background-color":"var(--ast-global-color-5)","background-image":"","background-repeat":"repeat","background-position":"center center","background-size":"auto","background-attachment":"scroll","background-type":"","background-media":"","overlay-type":"","overlay-color":"","overlay-gradient":""}}},"product_cat":[20,18,28],"product_tag":[],"class_list":{"0":"post-159","1":"product","2":"type-product","3":"status-publish","4":"has-post-thumbnail","6":"product_cat-paisagens","7":"product_cat-plantas","8":"product_cat-tiragem-limitada","9":"product_shipping_class-frete_quadro_medio","10":"desktop-align-left","11":"tablet-align-left","12":"mobile-align-left","14":"first","15":"instock","16":"sale","17":"featured","18":"sold-individually","19":"shipping-taxable","20":"purchasable","21":"product-type-simple"},"_links":{"self":[{"href":"https:\/\/www.jrcelso.com\/index.php\/wp-json\/wp\/v2\/product\/159","targetHints":{"allow":["GET"]}}],"collection":[{"href":"https:\/\/www.jrcelso.com\/index.php\/wp-json\/wp\/v2\/product"}],"about":[{"href":"https:\/\/www.jrcelso.com\/index.php\/wp-json\/wp\/v2\/types\/product"}],"version-history":[{"count":11,"href":"https:\/\/www.jrcelso.com\/index.php\/wp-json\/wp\/v2\/product\/159\/revisions"}],"predecessor-version":[{"id":807,"href":"https:\/\/www.jrcelso.com\/index.php\/wp-json\/wp\/v2\/product\/159\/revisions\/807"}],"wp:featuredmedia":[{"embeddable":true,"href":"https:\/\/www.jrcelso.com\/index.php\/wp-json\/wp\/v2\/media\/610"}],"wp:attachment":[{"href":"https:\/\/www.jrcelso.com\/index.php\/wp-json\/wp\/v2\/media?parent=159"}],"wp:term":[{"taxonomy":"product_cat","embeddable":true,"href":"https:\/\/www.jrcelso.com\/index.php\/wp-json\/wp\/v2\/product_cat?post=159"},{"taxonomy":"product_tag","embeddable":true,"href":"https:\/\/www.jrcelso.com\/index.php\/wp-json\/wp\/v2\/product_tag?post=159"}],"curies":[{"name":"wp","href":"https:\/\/api.w.org\/{rel}","templated":true}]}}