{"id":13,"date":"2017-12-13T08:37:50","date_gmt":"2017-12-13T08:37:50","guid":{"rendered":"http:\/\/jrcelso.com\/index.php\/about-me\/"},"modified":"2021-04-15T09:35:00","modified_gmt":"2021-04-15T12:35:00","slug":"about-me","status":"publish","type":"page","link":"https:\/\/www.jrcelso.com\/index.php\/about-me\/","title":{"rendered":"About Me"},"content":{"rendered":"\t\t<div data-elementor-type=\"wp-post\" data-elementor-id=\"13\" class=\"elementor elementor-13\">\n\t\t\t\t\t\t<section class=\"elementor-section elementor-top-section elementor-element elementor-element-1582c1f elementor-section-boxed elementor-section-height-default elementor-section-height-default\" data-id=\"1582c1f\" data-element_type=\"section\" data-settings=\"{&quot;background_background&quot;:&quot;gradient&quot;}\">\n\t\t\t\t\t\t<div class=\"elementor-container elementor-column-gap-default\">\n\t\t\t\t\t<div class=\"elementor-column elementor-col-50 elementor-top-column elementor-element elementor-element-9e47264\" data-id=\"9e47264\" data-element_type=\"column\">\n\t\t\t<div class=\"elementor-widget-wrap elementor-element-populated\">\n\t\t\t\t\t\t<div class=\"elementor-element elementor-element-eb5c8e9 elementor-widget elementor-widget-image\" data-id=\"eb5c8e9\" data-element_type=\"widget\" data-widget_type=\"image.default\">\n\t\t\t\t<div class=\"elementor-widget-container\">\n\t\t\t\t\t\t\t\t\t\t\t\t\t<img fetchpriority=\"high\" decoding=\"async\" width=\"768\" height=\"586\" src=\"https:\/\/www.jrcelso.com\/wp-content\/uploads\/2021\/03\/WhatsApp-Image-2021-03-25-at-16.05.52-e1617109933436-768x586.jpeg\" class=\"attachment-medium_large size-medium_large wp-image-763\" alt=\"\" srcset=\"https:\/\/www.jrcelso.com\/wp-content\/uploads\/2021\/03\/WhatsApp-Image-2021-03-25-at-16.05.52-e1617109933436-768x586.jpeg 768w, https:\/\/www.jrcelso.com\/wp-content\/uploads\/2021\/03\/WhatsApp-Image-2021-03-25-at-16.05.52-e1617109933436-300x229.jpeg 300w, https:\/\/www.jrcelso.com\/wp-content\/uploads\/2021\/03\/WhatsApp-Image-2021-03-25-at-16.05.52-e1617109933436-600x458.jpeg 600w, https:\/\/www.jrcelso.com\/wp-content\/uploads\/2021\/03\/WhatsApp-Image-2021-03-25-at-16.05.52-e1617109933436.jpeg 896w\" sizes=\"(max-width: 768px) 100vw, 768px\" \/>\t\t\t\t\t\t\t\t\t\t\t\t\t<\/div>\n\t\t\t\t<\/div>\n\t\t\t\t<div class=\"elementor-element elementor-element-cff9650 elementor-widget elementor-widget-text-editor\" data-id=\"cff9650\" data-element_type=\"widget\" data-widget_type=\"text-editor.default\">\n\t\t\t\t<div class=\"elementor-widget-container\">\n\t\t\t\t\t\t\t<span style=\"font-size: 12px;\">Foto por: Juliene Lima de Oliveira Castro\u00a0(minha esposa)<\/span>\t\t\t\t\t\t<\/div>\n\t\t\t\t<\/div>\n\t\t\t\t\t<\/div>\n\t\t<\/div>\n\t\t\t\t<div class=\"elementor-column elementor-col-50 elementor-top-column elementor-element elementor-element-b70feff\" data-id=\"b70feff\" data-element_type=\"column\">\n\t\t\t<div class=\"elementor-widget-wrap elementor-element-populated\">\n\t\t\t\t\t\t<section class=\"elementor-section elementor-inner-section elementor-element elementor-element-8fcf17a elementor-section-boxed elementor-section-height-default elementor-section-height-default\" data-id=\"8fcf17a\" data-element_type=\"section\">\n\t\t\t\t\t\t<div class=\"elementor-container elementor-column-gap-default\">\n\t\t\t\t\t<div class=\"elementor-column elementor-col-100 elementor-inner-column elementor-element elementor-element-6dfcad0\" data-id=\"6dfcad0\" data-element_type=\"column\">\n\t\t\t<div class=\"elementor-widget-wrap elementor-element-populated\">\n\t\t\t\t\t\t<div class=\"elementor-element elementor-element-49be349 elementor-widget elementor-widget-heading\" data-id=\"49be349\" data-element_type=\"widget\" data-widget_type=\"heading.default\">\n\t\t\t\t<div class=\"elementor-widget-container\">\n\t\t\t<h1 class=\"elementor-heading-title elementor-size-default\">Sobre mim<\/h1>\t\t<\/div>\n\t\t\t\t<\/div>\n\t\t\t\t<div class=\"elementor-element elementor-element-d8ce91c elementor-widget elementor-widget-text-editor\" data-id=\"d8ce91c\" data-element_type=\"widget\" data-widget_type=\"text-editor.default\">\n\t\t\t\t<div class=\"elementor-widget-container\">\n\t\t\t\t\t\t\t<p>Nasci dia 29 de junho de 1971 em Salvador, Bahia, Brasil.<\/p>\t\t\t\t\t\t<\/div>\n\t\t\t\t<\/div>\n\t\t\t\t<div class=\"elementor-element elementor-element-87a508a elementor-widget elementor-widget-text-editor\" data-id=\"87a508a\" data-element_type=\"widget\" data-widget_type=\"text-editor.default\">\n\t\t\t\t<div class=\"elementor-widget-container\">\n\t\t\t\t\t\t\t<p>Desde pequeno, gostava de fotografias, ficava impressionado com os mon\u00f3culos (fotos em negativo em um pequeno inv\u00f3lucro pl\u00e1stico) que voc\u00ea olha apenas com um dos olhos para um local claro e via a foto.<\/p>\t\t\t\t\t\t<\/div>\n\t\t\t\t<\/div>\n\t\t\t\t<div class=\"elementor-element elementor-element-662ccb9 elementor-widget elementor-widget-text-editor\" data-id=\"662ccb9\" data-element_type=\"widget\" data-widget_type=\"text-editor.default\">\n\t\t\t\t<div class=\"elementor-widget-container\">\n\t\t\t\t\t\t\t<p>Paix\u00e3o pela tecnologia, fui instrutor, programador e gerente de tecnologia, da informa\u00e7\u00e3o, assim, passei diversos anos da minha vida desenvolvendo o que gosto, mas sempre fazendo fotos.<\/p>\t\t\t\t\t\t<\/div>\n\t\t\t\t<\/div>\n\t\t\t\t\t<\/div>\n\t\t<\/div>\n\t\t\t\t\t<\/div>\n\t\t<\/section>\n\t\t\t\t\t<\/div>\n\t\t<\/div>\n\t\t\t\t\t<\/div>\n\t\t<\/section>\n\t\t\t\t<section class=\"elementor-section elementor-top-section elementor-element elementor-element-9e924dd elementor-section-boxed elementor-section-height-default elementor-section-height-default\" data-id=\"9e924dd\" data-element_type=\"section\">\n\t\t\t\t\t\t<div class=\"elementor-container elementor-column-gap-default\">\n\t\t\t\t\t<div class=\"elementor-column elementor-col-50 elementor-top-column elementor-element elementor-element-9f00d30\" data-id=\"9f00d30\" data-element_type=\"column\">\n\t\t\t<div class=\"elementor-widget-wrap\">\n\t\t\t\t\t\t\t<\/div>\n\t\t<\/div>\n\t\t\t\t<div class=\"elementor-column elementor-col-50 elementor-top-column elementor-element elementor-element-603d664\" data-id=\"603d664\" data-element_type=\"column\">\n\t\t\t<div class=\"elementor-widget-wrap elementor-element-populated\">\n\t\t\t\t\t\t<section class=\"elementor-section elementor-inner-section elementor-element elementor-element-43fad5d elementor-section-boxed elementor-section-height-default elementor-section-height-default\" data-id=\"43fad5d\" data-element_type=\"section\">\n\t\t\t\t\t\t<div class=\"elementor-container elementor-column-gap-default\">\n\t\t\t\t\t<div class=\"elementor-column elementor-col-50 elementor-inner-column elementor-element elementor-element-958435f\" data-id=\"958435f\" data-element_type=\"column\">\n\t\t\t<div class=\"elementor-widget-wrap elementor-element-populated\">\n\t\t\t\t\t\t<div class=\"elementor-element elementor-element-f6ca112 elementor-widget elementor-widget-text-editor\" data-id=\"f6ca112\" data-element_type=\"widget\" data-widget_type=\"text-editor.default\">\n\t\t\t\t<div class=\"elementor-widget-container\">\n\t\t\t\t\t\t\t<p>Comecei a fazer fotos desde meus 12 anos de idade com uma pequena m\u00e1quina&nbsp;fotogr\u00e1fica Kodak de filme ISO 100. Achava muito interessante congelar momentos, e at\u00e9 hoje, ainda &nbsp;acho. Mesmo com toda nova tecnologia, tenho grande apre\u00e7o por imagens antigas, como as de Henri Cartier-Bresson.<\/p><p>Gosto muito das paisagens naturais e dos animais, assim, estou inclinado para fotografia desses assuntos.<\/p>\t\t\t\t\t\t<\/div>\n\t\t\t\t<\/div>\n\t\t\t\t\t<\/div>\n\t\t<\/div>\n\t\t\t\t<div class=\"elementor-column elementor-col-50 elementor-inner-column elementor-element elementor-element-64fa3a1\" data-id=\"64fa3a1\" data-element_type=\"column\">\n\t\t\t<div class=\"elementor-widget-wrap elementor-element-populated\">\n\t\t\t\t\t\t<div class=\"elementor-element elementor-element-7b97413 elementor-widget elementor-widget-image-carousel\" data-id=\"7b97413\" data-element_type=\"widget\" data-settings=\"{&quot;slides_to_show&quot;:&quot;1&quot;,&quot;navigation&quot;:&quot;none&quot;,&quot;autoplay&quot;:&quot;yes&quot;,&quot;pause_on_hover&quot;:&quot;yes&quot;,&quot;pause_on_interaction&quot;:&quot;yes&quot;,&quot;autoplay_speed&quot;:5000,&quot;infinite&quot;:&quot;yes&quot;,&quot;effect&quot;:&quot;slide&quot;,&quot;speed&quot;:500}\" data-widget_type=\"image-carousel.default\">\n\t\t\t\t<div class=\"elementor-widget-container\">\n\t\t\t\t\t<div class=\"elementor-image-carousel-wrapper swiper\" dir=\"ltr\">\n\t\t\t<div class=\"elementor-image-carousel swiper-wrapper swiper-image-stretch\" aria-live=\"off\">\n\t\t\t\t\t\t\t\t<div class=\"swiper-slide\" role=\"group\" aria-roledescription=\"slide\" aria-label=\"1 de 4\"><a data-elementor-open-lightbox=\"yes\" data-elementor-lightbox-slideshow=\"7b97413\" data-elementor-lightbox-title=\"IMG_4635_2\" data-e-action-hash=\"#elementor-action%3Aaction%3Dlightbox%26settings%3DeyJpZCI6NjkzLCJ1cmwiOiJodHRwczpcL1wvd3d3LmpyY2Vsc28uY29tXC93cC1jb250ZW50XC91cGxvYWRzXC8yMDIxXC8wM1wvSU1HXzQ2MzVfMi1zY2FsZWQuanBnIiwic2xpZGVzaG93IjoiN2I5NzQxMyJ9\" href=\"https:\/\/www.jrcelso.com\/wp-content\/uploads\/2021\/03\/IMG_4635_2-scaled.jpg\"><figure class=\"swiper-slide-inner\"><img decoding=\"async\" class=\"swiper-slide-image\" src=\"https:\/\/www.jrcelso.com\/wp-content\/uploads\/2021\/03\/IMG_4635_2-300x300.jpg\" alt=\"IMG_4635_2\" \/><\/figure><\/a><\/div><div class=\"swiper-slide\" role=\"group\" aria-roledescription=\"slide\" aria-label=\"2 de 4\"><a data-elementor-open-lightbox=\"yes\" data-elementor-lightbox-slideshow=\"7b97413\" data-elementor-lightbox-title=\"IMG_0275_3\" data-e-action-hash=\"#elementor-action%3Aaction%3Dlightbox%26settings%3DeyJpZCI6NjkyLCJ1cmwiOiJodHRwczpcL1wvd3d3LmpyY2Vsc28uY29tXC93cC1jb250ZW50XC91cGxvYWRzXC8yMDIxXC8wM1wvSU1HXzAyNzVfMy0xLXNjYWxlZC5qcGciLCJzbGlkZXNob3ciOiI3Yjk3NDEzIn0%3D\" href=\"https:\/\/www.jrcelso.com\/wp-content\/uploads\/2021\/03\/IMG_0275_3-1-scaled.jpg\"><figure class=\"swiper-slide-inner\"><img decoding=\"async\" class=\"swiper-slide-image\" src=\"https:\/\/www.jrcelso.com\/wp-content\/uploads\/2021\/03\/IMG_0275_3-1-300x300.jpg\" alt=\"IMG_0275_3\" \/><\/figure><\/a><\/div><div class=\"swiper-slide\" role=\"group\" aria-roledescription=\"slide\" aria-label=\"3 de 4\"><a data-elementor-open-lightbox=\"yes\" data-elementor-lightbox-slideshow=\"7b97413\" data-elementor-lightbox-title=\"IMG_0773\" data-e-action-hash=\"#elementor-action%3Aaction%3Dlightbox%26settings%3DeyJpZCI6Njc1LCJ1cmwiOiJodHRwczpcL1wvd3d3LmpyY2Vsc28uY29tXC93cC1jb250ZW50XC91cGxvYWRzXC8yMDIxXC8wM1wvSU1HXzA3NzMtc2NhbGVkLmpwZyIsInNsaWRlc2hvdyI6IjdiOTc0MTMifQ%3D%3D\" href=\"https:\/\/www.jrcelso.com\/wp-content\/uploads\/2021\/03\/IMG_0773-scaled.jpg\"><figure class=\"swiper-slide-inner\"><img decoding=\"async\" class=\"swiper-slide-image\" src=\"https:\/\/www.jrcelso.com\/wp-content\/uploads\/2021\/03\/IMG_0773-300x300.jpg\" alt=\"IMG_0773\" \/><\/figure><\/a><\/div><div class=\"swiper-slide\" role=\"group\" aria-roledescription=\"slide\" aria-label=\"4 de 4\"><a data-elementor-open-lightbox=\"yes\" data-elementor-lightbox-slideshow=\"7b97413\" data-elementor-lightbox-title=\"51002355503_8e7581e35c_o\" data-e-action-hash=\"#elementor-action%3Aaction%3Dlightbox%26settings%3DeyJpZCI6NjEwLCJ1cmwiOiJodHRwczpcL1wvd3d3LmpyY2Vsc28uY29tXC93cC1jb250ZW50XC91cGxvYWRzXC8yMDIxXC8wM1wvNTEwMDIzNTU1MDNfOGU3NTgxZTM1Y19vLXNjYWxlZC5qcGciLCJzbGlkZXNob3ciOiI3Yjk3NDEzIn0%3D\" href=\"https:\/\/www.jrcelso.com\/wp-content\/uploads\/2021\/03\/51002355503_8e7581e35c_o-scaled.jpg\"><figure class=\"swiper-slide-inner\"><img decoding=\"async\" class=\"swiper-slide-image\" src=\"https:\/\/www.jrcelso.com\/wp-content\/uploads\/2021\/03\/51002355503_8e7581e35c_o-300x300.jpg\" alt=\"51002355503_8e7581e35c_o\" \/><\/figure><\/a><\/div>\t\t\t<\/div>\n\t\t\t\t\t\t\t\n\t\t\t\t\t\t\t\t\t<\/div>\n\t\t\t\t<\/div>\n\t\t\t\t<\/div>\n\t\t\t\t\t<\/div>\n\t\t<\/div>\n\t\t\t\t\t<\/div>\n\t\t<\/section>\n\t\t\t\t\t<\/div>\n\t\t<\/div>\n\t\t\t\t\t<\/div>\n\t\t<\/section>\n\t\t\t\t<section class=\"elementor-section elementor-top-section elementor-element elementor-element-6f15046 elementor-section-content-middle elementor-section-boxed elementor-section-height-default elementor-section-height-default\" data-id=\"6f15046\" data-element_type=\"section\" data-settings=\"{&quot;background_background&quot;:&quot;gradient&quot;}\">\n\t\t\t\t\t\t<div class=\"elementor-container elementor-column-gap-default\">\n\t\t\t\t\t<div class=\"elementor-column elementor-col-100 elementor-top-column elementor-element elementor-element-1d48636\" data-id=\"1d48636\" data-element_type=\"column\">\n\t\t\t<div class=\"elementor-widget-wrap elementor-element-populated\">\n\t\t\t\t\t\t<section class=\"elementor-section elementor-inner-section elementor-element elementor-element-bd70a28 elementor-section-content-top elementor-section-boxed elementor-section-height-default elementor-section-height-default\" data-id=\"bd70a28\" data-element_type=\"section\">\n\t\t\t\t\t\t<div class=\"elementor-container elementor-column-gap-default\">\n\t\t\t\t\t<div class=\"elementor-column elementor-col-33 elementor-inner-column elementor-element elementor-element-bf5d868\" data-id=\"bf5d868\" data-element_type=\"column\">\n\t\t\t<div class=\"elementor-widget-wrap\">\n\t\t\t\t\t\t\t<\/div>\n\t\t<\/div>\n\t\t\t\t<div class=\"elementor-column elementor-col-33 elementor-inner-column elementor-element elementor-element-5852a61\" data-id=\"5852a61\" data-element_type=\"column\">\n\t\t\t<div class=\"elementor-widget-wrap elementor-element-populated\">\n\t\t\t\t\t\t<div class=\"elementor-element elementor-element-7b26b84 elementor-widget elementor-widget-heading\" data-id=\"7b26b84\" data-element_type=\"widget\" data-widget_type=\"heading.default\">\n\t\t\t\t<div class=\"elementor-widget-container\">\n\t\t\t<h2 class=\"elementor-heading-title elementor-size-default\">Certificados<\/h2>\t\t<\/div>\n\t\t\t\t<\/div>\n\t\t\t\t\t<\/div>\n\t\t<\/div>\n\t\t\t\t<div class=\"elementor-column elementor-col-33 elementor-inner-column elementor-element elementor-element-23e268c\" data-id=\"23e268c\" data-element_type=\"column\">\n\t\t\t<div class=\"elementor-widget-wrap\">\n\t\t\t\t\t\t\t<\/div>\n\t\t<\/div>\n\t\t\t\t\t<\/div>\n\t\t<\/section>\n\t\t\t\t<section class=\"elementor-section elementor-inner-section elementor-element elementor-element-ba2df14 elementor-section-boxed elementor-section-height-default elementor-section-height-default\" data-id=\"ba2df14\" data-element_type=\"section\">\n\t\t\t\t\t\t<div class=\"elementor-container elementor-column-gap-default\">\n\t\t\t\t\t<div class=\"elementor-column elementor-col-33 elementor-inner-column elementor-element elementor-element-f46b0ca\" data-id=\"f46b0ca\" data-element_type=\"column\">\n\t\t\t<div class=\"elementor-widget-wrap elementor-element-populated\">\n\t\t\t\t\t\t<div class=\"elementor-element elementor-element-370a199 elementor-widget elementor-widget-image\" data-id=\"370a199\" data-element_type=\"widget\" data-widget_type=\"image.default\">\n\t\t\t\t<div class=\"elementor-widget-container\">\n\t\t\t\t\t\t\t\t\t\t\t\t\t\t<a href=\"http:\/\/www.jrcelso.com\/wp-content\/uploads\/2021\/03\/certificado_fotografia_studioD_2021.png\" data-elementor-open-lightbox=\"yes\" data-elementor-lightbox-title=\"certificado_fotografia_studioD_2021\" data-e-action-hash=\"#elementor-action%3Aaction%3Dlightbox%26settings%3DeyJpZCI6NzA0LCJ1cmwiOiJodHRwczpcL1wvd3d3LmpyY2Vsc28uY29tXC93cC1jb250ZW50XC91cGxvYWRzXC8yMDIxXC8wM1wvY2VydGlmaWNhZG9fZm90b2dyYWZpYV9zdHVkaW9EXzIwMjEucG5nIn0%3D\">\n\t\t\t\t\t\t\t<img decoding=\"async\" width=\"988\" height=\"700\" src=\"https:\/\/www.jrcelso.com\/wp-content\/uploads\/2021\/03\/certificado_fotografia_studioD_2021.png\" class=\"attachment-full size-full wp-image-704\" alt=\"\" srcset=\"https:\/\/www.jrcelso.com\/wp-content\/uploads\/2021\/03\/certificado_fotografia_studioD_2021.png 988w, https:\/\/www.jrcelso.com\/wp-content\/uploads\/2021\/03\/certificado_fotografia_studioD_2021-300x213.png 300w, https:\/\/www.jrcelso.com\/wp-content\/uploads\/2021\/03\/certificado_fotografia_studioD_2021-768x544.png 768w, https:\/\/www.jrcelso.com\/wp-content\/uploads\/2021\/03\/certificado_fotografia_studioD_2021-600x425.png 600w\" sizes=\"(max-width: 988px) 100vw, 988px\" \/>\t\t\t\t\t\t\t\t<\/a>\n\t\t\t\t\t\t\t\t\t\t\t\t\t<\/div>\n\t\t\t\t<\/div>\n\t\t\t\t\t<\/div>\n\t\t<\/div>\n\t\t\t\t<div class=\"elementor-column elementor-col-33 elementor-inner-column elementor-element elementor-element-5b52e63\" data-id=\"5b52e63\" data-element_type=\"column\">\n\t\t\t<div class=\"elementor-widget-wrap elementor-element-populated\">\n\t\t\t\t\t\t<div class=\"elementor-element elementor-element-dff56a0 elementor-widget elementor-widget-image\" data-id=\"dff56a0\" data-element_type=\"widget\" data-widget_type=\"image.default\">\n\t\t\t\t<div class=\"elementor-widget-container\">\n\t\t\t\t\t\t\t\t\t\t\t\t\t\t<a href=\"http:\/\/www.jrcelso.com\/wp-content\/uploads\/2021\/03\/certificado_fotografia_canon_basico_2021.png\" data-elementor-open-lightbox=\"yes\" data-elementor-lightbox-title=\"certificado_fotografia_canon_basico_2021\" data-e-action-hash=\"#elementor-action%3Aaction%3Dlightbox%26settings%3DeyJpZCI6NzA2LCJ1cmwiOiJodHRwczpcL1wvd3d3LmpyY2Vsc28uY29tXC93cC1jb250ZW50XC91cGxvYWRzXC8yMDIxXC8wM1wvY2VydGlmaWNhZG9fZm90b2dyYWZpYV9jYW5vbl9iYXNpY29fMjAyMS5wbmcifQ%3D%3D\">\n\t\t\t\t\t\t\t<img decoding=\"async\" width=\"988\" height=\"700\" src=\"https:\/\/www.jrcelso.com\/wp-content\/uploads\/2021\/03\/certificado_fotografia_canon_basico_2021.png\" class=\"attachment-large size-large wp-image-706\" alt=\"\" srcset=\"https:\/\/www.jrcelso.com\/wp-content\/uploads\/2021\/03\/certificado_fotografia_canon_basico_2021.png 988w, https:\/\/www.jrcelso.com\/wp-content\/uploads\/2021\/03\/certificado_fotografia_canon_basico_2021-300x213.png 300w, https:\/\/www.jrcelso.com\/wp-content\/uploads\/2021\/03\/certificado_fotografia_canon_basico_2021-768x544.png 768w, https:\/\/www.jrcelso.com\/wp-content\/uploads\/2021\/03\/certificado_fotografia_canon_basico_2021-600x425.png 600w\" sizes=\"(max-width: 988px) 100vw, 988px\" \/>\t\t\t\t\t\t\t\t<\/a>\n\t\t\t\t\t\t\t\t\t\t\t\t\t<\/div>\n\t\t\t\t<\/div>\n\t\t\t\t\t<\/div>\n\t\t<\/div>\n\t\t\t\t<div class=\"elementor-column elementor-col-33 elementor-inner-column elementor-element elementor-element-cd5e5d1\" data-id=\"cd5e5d1\" data-element_type=\"column\">\n\t\t\t<div class=\"elementor-widget-wrap elementor-element-populated\">\n\t\t\t\t\t\t<div class=\"elementor-element elementor-element-12edbd8 elementor-widget elementor-widget-image\" data-id=\"12edbd8\" data-element_type=\"widget\" data-widget_type=\"image.default\">\n\t\t\t\t<div class=\"elementor-widget-container\">\n\t\t\t\t\t\t\t\t\t\t\t\t\t\t<a href=\"http:\/\/www.jrcelso.com\/wp-content\/uploads\/2021\/03\/certificado_fotografia_flash_dedicado_2021.png\" data-elementor-open-lightbox=\"yes\" data-elementor-lightbox-title=\"certificado_fotografia_flash_dedicado_2021\" data-e-action-hash=\"#elementor-action%3Aaction%3Dlightbox%26settings%3DeyJpZCI6NzA3LCJ1cmwiOiJodHRwczpcL1wvd3d3LmpyY2Vsc28uY29tXC93cC1jb250ZW50XC91cGxvYWRzXC8yMDIxXC8wM1wvY2VydGlmaWNhZG9fZm90b2dyYWZpYV9mbGFzaF9kZWRpY2Fkb18yMDIxLnBuZyJ9\">\n\t\t\t\t\t\t\t<img loading=\"lazy\" decoding=\"async\" width=\"988\" height=\"700\" src=\"https:\/\/www.jrcelso.com\/wp-content\/uploads\/2021\/03\/certificado_fotografia_flash_dedicado_2021.png\" class=\"attachment-large size-large wp-image-707\" alt=\"\" srcset=\"https:\/\/www.jrcelso.com\/wp-content\/uploads\/2021\/03\/certificado_fotografia_flash_dedicado_2021.png 988w, https:\/\/www.jrcelso.com\/wp-content\/uploads\/2021\/03\/certificado_fotografia_flash_dedicado_2021-300x213.png 300w, https:\/\/www.jrcelso.com\/wp-content\/uploads\/2021\/03\/certificado_fotografia_flash_dedicado_2021-768x544.png 768w, https:\/\/www.jrcelso.com\/wp-content\/uploads\/2021\/03\/certificado_fotografia_flash_dedicado_2021-600x425.png 600w\" sizes=\"(max-width: 988px) 100vw, 988px\" \/>\t\t\t\t\t\t\t\t<\/a>\n\t\t\t\t\t\t\t\t\t\t\t\t\t<\/div>\n\t\t\t\t<\/div>\n\t\t\t\t\t<\/div>\n\t\t<\/div>\n\t\t\t\t\t<\/div>\n\t\t<\/section>\n\t\t\t\t\t<\/div>\n\t\t<\/div>\n\t\t\t\t\t<\/div>\n\t\t<\/section>\n\t\t\t\t<\/div>\n\t\t","protected":false},"excerpt":{"rendered":"<p>Foto por: Juliene Lima de Oliveira Castro&nbsp;(minha esposa) Sobre mim Nasci dia 29 de junho de 1971 em Salvador, Bahia, Brasil. Desde pequeno, gostava de fotografias, ficava impressionado com os mon\u00f3culos (fotos em negativo em um pequeno inv\u00f3lucro pl\u00e1stico) que voc\u00ea olha apenas com um dos olhos para um local claro e via a foto. [&hellip;]<\/p>\n","protected":false},"author":2,"featured_media":0,"parent":0,"menu_order":0,"comment_status":"closed","ping_status":"closed","template":"","meta":{"site-sidebar-layout":"no-sidebar","site-content-layout":"page-builder","ast-site-content-layout":"","site-content-style":"default","site-sidebar-style":"default","ast-global-header-display":"","ast-banner-title-visibility":"","ast-main-header-display":"","ast-hfb-above-header-display":"","ast-hfb-below-header-display":"","ast-hfb-mobile-header-display":"","site-post-title":"disabled","ast-breadcrumbs-content":"","ast-featured-img":"disabled","footer-sml-layout":"","theme-transparent-header-meta":"default","adv-header-id-meta":"","stick-header-meta":"","header-above-stick-meta":"","header-main-stick-meta":"","header-below-stick-meta":"","astra-migrate-meta-layouts":"default","ast-page-background-enabled":"default","ast-page-background-meta":{"desktop":{"background-color":"var(--ast-global-color-4)","background-image":"","background-repeat":"repeat","background-position":"center center","background-size":"auto","background-attachment":"scroll","background-type":"","background-media":"","overlay-type":"","overlay-color":"","overlay-gradient":""},"tablet":{"background-color":"","background-image":"","background-repeat":"repeat","background-position":"center center","background-size":"auto","background-attachment":"scroll","background-type":"","background-media":"","overlay-type":"","overlay-color":"","overlay-gradient":""},"mobile":{"background-color":"","background-image":"","background-repeat":"repeat","background-position":"center center","background-size":"auto","background-attachment":"scroll","background-type":"","background-media":"","overlay-type":"","overlay-color":"","overlay-gradient":""}},"ast-content-background-meta":{"desktop":{"background-color":"var(--ast-global-color-5)","background-image":"","background-repeat":"repeat","background-position":"center center","background-size":"auto","background-attachment":"scroll","background-type":"","background-media":"","overlay-type":"","overlay-color":"","overlay-gradient":""},"tablet":{"background-color":"var(--ast-global-color-5)","background-image":"","background-repeat":"repeat","background-position":"center center","background-size":"auto","background-attachment":"scroll","background-type":"","background-media":"","overlay-type":"","overlay-color":"","overlay-gradient":""},"mobile":{"background-color":"var(--ast-global-color-5)","background-image":"","background-repeat":"repeat","background-position":"center center","background-size":"auto","background-attachment":"scroll","background-type":"","background-media":"","overlay-type":"","overlay-color":"","overlay-gradient":""}},"footnotes":""},"class_list":["post-13","page","type-page","status-publish","hentry"],"_links":{"self":[{"href":"https:\/\/www.jrcelso.com\/index.php\/wp-json\/wp\/v2\/pages\/13","targetHints":{"allow":["GET"]}}],"collection":[{"href":"https:\/\/www.jrcelso.com\/index.php\/wp-json\/wp\/v2\/pages"}],"about":[{"href":"https:\/\/www.jrcelso.com\/index.php\/wp-json\/wp\/v2\/types\/page"}],"author":[{"embeddable":true,"href":"https:\/\/www.jrcelso.com\/index.php\/wp-json\/wp\/v2\/users\/2"}],"replies":[{"embeddable":true,"href":"https:\/\/www.jrcelso.com\/index.php\/wp-json\/wp\/v2\/comments?post=13"}],"version-history":[{"count":46,"href":"https:\/\/www.jrcelso.com\/index.php\/wp-json\/wp\/v2\/pages\/13\/revisions"}],"predecessor-version":[{"id":864,"href":"https:\/\/www.jrcelso.com\/index.php\/wp-json\/wp\/v2\/pages\/13\/revisions\/864"}],"wp:attachment":[{"href":"https:\/\/www.jrcelso.com\/index.php\/wp-json\/wp\/v2\/media?parent=13"}],"curies":[{"name":"wp","href":"https:\/\/api.w.org\/{rel}","templated":true}]}}